{"id":730,"date":"2021-11-22T08:47:48","date_gmt":"2021-11-22T08:47:48","guid":{"rendered":"https:\/\/afsl.se\/?page_id=730"},"modified":"2025-05-17T08:52:59","modified_gmt":"2025-05-17T08:52:59","slug":"hur-bygger-vi-detta-lund-november-2021","status":"publish","type":"page","link":"https:\/\/afsl.se\/index.php\/hur-bygger-vi-detta-lund-november-2021\/","title":{"rendered":"HUR BYGGER VI DETTA LUND? (November 2021)"},"content":{"rendered":"<p>&nbsp;<\/p>\n<div class=\"main-container container js-quickedit-main-content clearfix\" role=\"main\">\n<div class=\"row\">\n<section class=\"col-sm-12\">\n<div class=\"region region-content\">\n<article class=\"page full clearfix node\" role=\"article\" data-history-node-id=\"27\">\n<div class=\"content\">\n<div class=\"layout layout--onecol\">\n<div class=\"layout__region layout__region--content\">\n<section class=\"block block-layout-builder block-field-blocknodepagebody clearfix\">\n<div class=\"field field--name-body field--type-text-with-summary field--label-hidden field--item\">\n<p>Stadsbibliotekets atrium var fullt den 22 nov n\u00e4r AFSL i samarrangemang med stadsbiblioteket diskuterade Lunds byggda framtid. \u00d6ver nittio bes\u00f6kare lyssnade sp\u00e4nt n\u00e4r dagens g\u00e4st Bj\u00f6rn Tarras-Wahlberg ber\u00e4ttade om turerna kring hur det nya Nobelbygget p\u00e5 Blasieholmen i Stockholm stoppades av en v\u00e4xande opinion som protesterade s\u00e5v\u00e4l mot rivningen av det gamla kungliga tullhuset som mot den \u00f6verstora nya Nobel-byggnaden.<\/p>\n<h2><img loading=\"lazy\" decoding=\"async\" class=\"alignleft size-full wp-image-736\" src=\"https:\/\/afsl.se\/wp-content\/uploads\/2025\/05\/IMG_7867.jpg-Tommy-Thomas-o-panelen-scaled.jpg\" alt=\"Panel vid sammankommsten\" width=\"2560\" height=\"1854\" srcset=\"https:\/\/afsl.se\/wp-content\/uploads\/2025\/05\/IMG_7867.jpg-Tommy-Thomas-o-panelen-scaled.jpg 2560w, https:\/\/afsl.se\/wp-content\/uploads\/2025\/05\/IMG_7867.jpg-Tommy-Thomas-o-panelen-800x579.jpg 800w, https:\/\/afsl.se\/wp-content\/uploads\/2025\/05\/IMG_7867.jpg-Tommy-Thomas-o-panelen-1024x742.jpg 1024w, https:\/\/afsl.se\/wp-content\/uploads\/2025\/05\/IMG_7867.jpg-Tommy-Thomas-o-panelen-768x556.jpg 768w, https:\/\/afsl.se\/wp-content\/uploads\/2025\/05\/IMG_7867.jpg-Tommy-Thomas-o-panelen-1536x1113.jpg 1536w, https:\/\/afsl.se\/wp-content\/uploads\/2025\/05\/IMG_7867.jpg-Tommy-Thomas-o-panelen-2048x1483.jpg 2048w\" sizes=\"auto, (max-width: 2560px) 100vw, 2560px\" \/><\/h2>\n<h3>AFSLs ALTERNATIV F\u00d6R GALTEN\/H\u00c4RADSH\u00d6VDINGEN<\/h3>\n<p>Kv\u00e4llen inleddes med att AFSL presenterade sin syn p\u00e5 de nya stora projekt som planeras i Lund. Detaljplanen f\u00f6r kv Galten kritiserades f\u00f6r den h\u00f6ga exploateringen med 7-, 8- och 12-v\u00e5ningshus i sj\u00e4lva hj\u00e4rtat av Lund, ett klart brott mot Riksintresset. \u00c4ven de planerade punkthusen vid S\u00f6dertull i parken bredvid Mejeriet fick h\u00e5rd kritik. De \u00e4r p\u00e5 6-, 7- och 8 v\u00e5ningar och f\u00f6rst\u00f6r sj\u00e4lva entr\u00e9n till stadsk\u00e4rnan. Kommunen till\u00e5ter alldeles f\u00f6r h\u00f6g exploatering och m\u00e5ste akta sig f\u00f6r de stora drakarna inom fastighets- och byggbransch, anser AFSL. Som exempel tog man upp det nya medicinska centret vid S\u00f6lvegatan som snart st\u00e5r f\u00e4rdigt och som tr\u00e4der fram med osedvanlig arrogans i f\u00f6rh\u00e5llande till den befintliga milj\u00f6n, pr\u00e4glad av Klas Anshelms fina r\u00f6da tegelarkitektur. Best\u00e4llare av den nya \u00f6verstora byggnaden \u00e4r\u00a0Akademiska hus, en av landets st\u00f6rsta fastighetsutvecklare. Byggare \u00e4r Skanska och arkitekt \u00e4r den stora danska konsultfirman Henning Larsen Arkitekter. Tillsammans har dessa tre synbarligen tappat omd\u00f6met om hur man tar hand om en plats och en karakt\u00e4r. Och olyckligtvis l\u00e5ter Lund detta ske utan att ingripa. \u00c4ven planerna f\u00f6r nytt samh\u00e4llsvetenskapligt centrum p\u00e5 gamla lasarettsomr\u00e5det fick kritik f\u00f6r d\u00e5lig dialog med platsen. Ocks\u00e5 h\u00e4r \u00e4r Akademiska hus byggherre. Slutligen lyfte AFSL de fatala planerna p\u00e5 nytt konferenscenter vid Klosterkyrkan. \u00c5terigen f\u00f6r stort. \u00c5terigen bristande f\u00f6rst\u00e5else f\u00f6r platsen.<\/p>\n<h3>DEMOKRATI-BRISTER I DAGENS STADSPLANERING<\/h3>\n<p>Bj\u00f6rn Tarras-Wahlbergs efterf\u00f6ljande f\u00f6redrag betonade demokrati-bristerna i dagens stadsplanering.\u00a0Bl a\u00a0undviker Lund och andra kommuner att uppr\u00e4tta planprogram som\u00a0i ett tidigt skede kan skickas ut till ber\u00f6rda\u00a0organisationer och enskilda. N\u00e4r v\u00e4l detaljplaner f\u00f6rst l\u00e5ngt senare processen skickas ut p\u00e5 remiss \u00e4r det f\u00f6rsent och inget g\u00e5r att \u00e4ndra. Bj\u00f6rn Tarras-Wahlberg argumenterade ocks\u00e5 starkt mot tendensen att bygga h\u00f6ga hus &#8211; de \u00e4r s\u00e5rbara, energislukande, skapar d\u00e5ligt mikroklimat och skadar stadslivet i sin omedelbara n\u00e4rhet.<\/p>\n<h2><img loading=\"lazy\" decoding=\"async\" class=\"alignleft size-full wp-image-738\" src=\"https:\/\/afsl.se\/wp-content\/uploads\/2025\/05\/IMG_7802.jpgBTW-hur-man-kringar-scaled.jpg\" alt=\"Hur man kringg\u00e5r lagar och f\u00f6rst\u00f6r v\u00e5rt kulturarv\" width=\"2560\" height=\"1707\" srcset=\"https:\/\/afsl.se\/wp-content\/uploads\/2025\/05\/IMG_7802.jpgBTW-hur-man-kringar-scaled.jpg 2560w, https:\/\/afsl.se\/wp-content\/uploads\/2025\/05\/IMG_7802.jpgBTW-hur-man-kringar-800x533.jpg 800w, https:\/\/afsl.se\/wp-content\/uploads\/2025\/05\/IMG_7802.jpgBTW-hur-man-kringar-1024x683.jpg 1024w, https:\/\/afsl.se\/wp-content\/uploads\/2025\/05\/IMG_7802.jpgBTW-hur-man-kringar-768x512.jpg 768w, https:\/\/afsl.se\/wp-content\/uploads\/2025\/05\/IMG_7802.jpgBTW-hur-man-kringar-1536x1024.jpg 1536w, https:\/\/afsl.se\/wp-content\/uploads\/2025\/05\/IMG_7802.jpgBTW-hur-man-kringar-2048x1365.jpg 2048w\" sizes=\"auto, (max-width: 2560px) 100vw, 2560px\" \/><\/h2>\n<h3>VAR ST\u00c5R PARTIERNA I GALTEN\/H\u00c4RADSH\u00d6VDINGEN?<\/h3>\n<p>Avslutningen p\u00e5 kv\u00e4llen blev en paneldebatt med 4 politiska representanter fr\u00e5n Lunds byggnadsn\u00e4mnd. De fyra var B\u00f6rje Hed (FNL), Bj\u00f6rn Abelson(S), Ann Schlyter(V) och Christopher Karlsson(L). B\u00f6rje Hed och Ann Schlyter delade i stort kritiken mot planerna f\u00f6r Galten och kongressanl\u00e4ggningen. Bj\u00f6rn Abelson f\u00f6rsvarade processen bakom dessa b\u00e5da projekt. Christopher Karlsson menar att det vinnande f\u00f6rslaget till kongressanl\u00e4ggning m\u00e5ste modifieras avsev\u00e4rt. En viss samsyn kunde i slutet av paneldebatten m\u00f6jligen sp\u00e5ras i ambitionen\u00a0att visa f\u00f6rsiktighet vad g\u00e4ller byggnation i Lunds stadsk\u00e4rna. Paneldeltagarna mottog som tack f\u00f6r sitt engagemang ett m\u00e5ttband &#8211; och uppmaningen att bygga m\u00e5ttfullt! Eller med AFSLs ord F\u00d6RNYA\u00a0UTAN ATT\u00a0F\u00d6RST\u00d6RA!<\/p>\n<p>&nbsp;<\/p>\n<p><em>Thomas Hellquist, ordf\u00f6rande i AFSL<\/em><\/p>\n<\/div>\n<\/section>\n<\/div>\n<\/div>\n<\/div>\n<\/article>\n<\/div>\n<\/section>\n<\/div>\n<\/div>\n","protected":false},"excerpt":{"rendered":"<p>&nbsp; Stadsbibliotekets atrium var fullt den 22 nov n\u00e4r AFSL i samarrangemang med stadsbiblioteket diskuterade Lunds byggda framtid. \u00d6ver nittio bes\u00f6kare lyssnade sp\u00e4nt n\u00e4r dagens g\u00e4st Bj\u00f6rn Tarras-Wahlberg ber\u00e4ttade om turerna kring hur det nya Nobelbygget p\u00e5 Blasieholmen i Stockholm stoppades av en v\u00e4xande opinion som protesterade s\u00e5v\u00e4l mot rivningen av det gamla kungliga tullhuset [&hellip;]<\/p>\n","protected":false},"author":1,"featured_media":0,"parent":0,"menu_order":0,"comment_status":"closed","ping_status":"closed","template":"","meta":{"footnotes":""},"class_list":["post-730","page","type-page","status-publish","hentry"],"_links":{"self":[{"href":"https:\/\/afsl.se\/index.php\/wp-json\/wp\/v2\/pages\/730","targetHints":{"allow":["GET"]}}],"collection":[{"href":"https:\/\/afsl.se\/index.php\/wp-json\/wp\/v2\/pages"}],"about":[{"href":"https:\/\/afsl.se\/index.php\/wp-json\/wp\/v2\/types\/page"}],"author":[{"embeddable":true,"href":"https:\/\/afsl.se\/index.php\/wp-json\/wp\/v2\/users\/1"}],"replies":[{"embeddable":true,"href":"https:\/\/afsl.se\/index.php\/wp-json\/wp\/v2\/comments?post=730"}],"version-history":[{"count":3,"href":"https:\/\/afsl.se\/index.php\/wp-json\/wp\/v2\/pages\/730\/revisions"}],"predecessor-version":[{"id":739,"href":"https:\/\/afsl.se\/index.php\/wp-json\/wp\/v2\/pages\/730\/revisions\/739"}],"wp:attachment":[{"href":"https:\/\/afsl.se\/index.php\/wp-json\/wp\/v2\/media?parent=730"}],"curies":[{"name":"wp","href":"https:\/\/api.w.org\/{rel}","templated":true}]}}