{"id":725,"date":"2024-01-01T08:41:35","date_gmt":"2024-01-01T08:41:35","guid":{"rendered":"https:\/\/afsl.se\/?page_id=725"},"modified":"2025-05-18T09:47:36","modified_gmt":"2025-05-18T09:47:36","slug":"aldre-nyheter","status":"publish","type":"page","link":"https:\/\/afsl.se\/index.php\/aldre-nyheter\/","title":{"rendered":"\u00c4ldre nyheter"},"content":{"rendered":"<h3>V\u00e5r stadsk\u00e4rna<\/h3>\n<div>2024-03-13 12:00-15:00, Stadshallen (botulfsh\u00f6rna)<\/div>\n<p>Paneldiskussion med Anders \u00d6dman, Henrik Borg, Lennart Nord och Thomas Hellquist.<\/p>\n<h3>Ny \u00f6versiktsplan f\u00f6r Lund.<\/h3>\n<div>2024-01-30 18:00-19:30, Stadsbiblioteket<\/div>\n<p>Ny \u00f6versiktsplan f\u00f6r Lund \u00e4r p\u00e5 samr\u00e5d och Lundaborna har m\u00f6jlighet att p\u00e5verka planerna p\u00e5 Lunds framtid.<\/p>\n<h3>Det gr\u00f6na Lund imorgon<\/h3>\n<div>2023-11-21 18:00-19:30<\/div>\n<p>Samtal p\u00e5 Lunds stadsbibliotek tis 21 nov. Det gr\u00f6na Lund \u00e4r en n\u00f6dv\u00e4ndighet f\u00f6r att v\u00e4rna folkh\u00e4lsan och f\u00f6r att bromsa milj\u00f6konsekvenser. Det \u00e4r ocks\u00e5 hotat av exploatering som strider mot detta. Arrangeras i samarbete mellan Stadsmilj\u00f6f\u00f6reningen AFSL, Lunds f\u00e4ltbiologer, N\u00e4tverket Bevara K\u00e4llby Natur samt SLU, lantbruksuniversitetet Alnarp.<\/p>\n<h3>Lunds stadsk\u00e4rna i f\u00f6rvandling &#8211; f\u00f6rnyelse eller renovering.<\/h3>\n<div>2023-10-17 18:00<\/div>\n<p>Arkitektursamtal p\u00e5 Lunds stadsbibliotek tisdagen den 17 okt kl.18. Kort f\u00f6rel\u00e4sning av f.d.stadsbyggnadsdirekt\u00f6ren Mats Olsson, Malm\u00f6 . D\u00e4refter paneldebatt med politiker fr\u00e5n Lunds kommun.<\/p>\n<h3>KALLELSE TILL AFSL:S \u00c5RSM\u00d6TE<\/h3>\n<div>2023-03-16 18:30<\/div>\n<p>Nu h\u00e4nder det, som vi alla l\u00e4ngtat efter; n\u00e4mligen AFSLs \u00e5rsm\u00f6te. H\u00e4r kommer nu <a href=\"https:\/\/afsl.se\/wp-content\/uploads\/2024\/06\/AFSL.Kallelse-till-arsmote-16-mars-2023.pdf\">kallelsen till m\u00f6tet<\/a>, som \u00e4ger rum torsdagen den 16 mars kl 18.30. Mer information kan f\u00e5s fr\u00e5n <a href=\"http:\/\/localhost\/drupal\/node\/info@afsl.se\">info@afsl.se<\/a>. I direkt anslutning till \u00e5rsm\u00f6tet avh\u00e5ller vi ett medlemsm\u00f6te, d\u00e4r vi kan ventilera aktuella fr\u00e5gor. V\u00e4lkomna! Styrelsen f\u00f6r AFSL<\/p>\n<div><\/div>\n<h3>Hur bygger vi v\u00e5rt Lund? &#8211; Del fem &#8211; Lunds arkitekturpolicy<\/h3>\n<div>2023-01-25<\/div>\n<p>H\u00e4r i Lund \u00e4r det Stadsbyggnadskontoret som f\u00e5tt uppdraget att uppr\u00e4tta ett arkitekturprogram f\u00f6r kommunen. Arbetet \u00e4r p\u00e5b\u00f6rjat men inte avslutat &#8211; denna kv\u00e4ll ges m\u00f6jlighet f\u00f6r lundaborna att lyssna, fr\u00e5ga, fundera och f\u00f6resl\u00e5.<\/p>\n<h3>Hur bygger vi v\u00e5rt Lund? &#8211; Tre kortf\u00f6rel\u00e4sningar och ett panelsamtal<\/h3>\n<div>2022-11-15<\/div>\n<p>Stadsmilj\u00f6f\u00f6reningen AFSL tar upp behovet av antikvarisk kunskap i planeringen av v\u00e5r byggda milj\u00f6. M\u00f6jlighet f\u00f6r publiken att st\u00e4lla fr\u00e5gor. I Stadsbibliotekets atrium tisdag 15 november kl 18-19.30.<\/p>\n<h3>\u201dAFSL: Hur bygger vi v\u00e5rt Lund? Del tre \u2013 Lunds nya \u00f6versiktsplan med dess framtidsperspektiv till \u00e5r 2050<\/h3>\n<div>2022-10-18<\/div>\n<p>Stadsmilj\u00f6f\u00f6reningen AFSL upp fr\u00e5gor om hur kommunens framtid kan formas i \u00f6versiktsplanering Tisdagen 18 oktober 2022 kl 18.00 i Stadsbibliotekets atriumg\u00e5rd.<\/p>\n<h3>\u00c5RETS VALDEBATT &#8211; HUR VILL VI BYGGA V\u00c5RT LUND<\/h3>\n<p><iframe loading=\"lazy\" title=\"YouTube video player\" src=\"https:\/\/www.youtube.com\/embed\/tvS0I37ykhI\" width=\"270\" height=\"185\" frameborder=\"0\" allowfullscreen=\"allowfullscreen\" data-mce-fragment=\"1\"><\/iframe><\/p>\n<p>&nbsp;<\/p>\n<div>I Pingstkyrkan, Stora S\u00f6dergatan 25 i Lund. FRI ENTRE.<\/div>\n<ul>\n<li>Hur vill partierna l\u00f6sa stadsbyggandet i inner- och ytterstad och samtidigt v\u00e4rna om det \u00e4ldre husbest\u00e5ndet?<\/li>\n<li>Medverkanden fr\u00e5n samtliga partier<\/li>\n<li>Moderator: Thomas Hellquist, professor em. i arkitektur<\/li>\n<\/ul>\n<h3>Temagruppen \u00f6versiktsplanering har bildats.<\/h3>\n<div>2022-04-10<\/div>\n<div>Intresserade kan anm\u00e4la sig till <a href=\"http:\/\/localhost\/drupal\/node\/info@afsl.se\">info@afsl.se<\/a><\/div>\n<div><\/div>\n<h3>KALLELSE TILL AFSLs \u00c5RSM\u00d6TE<\/h3>\n<div>22-03-10 kl 18.00<\/div>\n<div>Nu h\u00e4nder det, som vi alla l\u00e4ngtat efter; n\u00e4mligen AFSLs \u00e5rsm\u00f6te. H\u00e4r kommer nu kallelsen till m\u00f6tet, som \u00e4ger rum torsdagen den 10 mars kl 18.00. Mer information kan f\u00e5s fr\u00e5n info@afsl.se. I direkt anslutning till \u00e5rsm\u00f6tet avh\u00e5ller vi ett medlemsm\u00f6te, d\u00e4r vi kan ventilera aktuella fr\u00e5gor. V\u00e4lkomna!<br \/>\nStyrelsen f\u00f6r AFSL<\/div>\n<div><\/div>\n<h3>AFSL: Hur bygger vi v\u00e5rt Lund? Del tv\u00e5 \u2013 Stadens DNA.<\/h3>\n<div>2022-03-01<\/div>\n<div>samtal om stadsmilj\u00f6 och arkitektur. Tisdagen 1 mars 2022 kl 18.00 i Audiatoriet, Lunds stadsbibliotek.<\/div>\n<div><\/div>\n<h3>Tio stadsbud &#8211; AFSL:s julh\u00e4lsning 2021<\/h3>\n<div>2021-12-21<\/div>\n<div><a href=\"https:\/\/afsl.se\/wp-content\/uploads\/2024\/06\/Tio-stadsbud-AFSL-julhalsning-2021.pdf\">L\u00e4s h\u00e4lsningen fr\u00e5n styrelsen h\u00e4r<\/a><\/div>\n<div><\/div>\n<h3>AFSL: Hur bygger vi v\u00e5rt Lund<\/h3>\n<div>2021-11-22<\/div>\n<div>samtal om stadsmilj\u00f6 och arkitektur. M\u00e5ndagen 22 november 2021 kl 18.00 i Atriumg\u00e5rden, Lunds stadsbibliotek.<\/div>\n<p>&nbsp;<\/p>\n<div><a href=\"https:\/\/afsl.se\/index.php\/hur-bygger-vi-detta-lund-november-2021\/\">L\u00e4s AFSL:s ordf\u00f6rande Thomas Hellquists Rapport<\/a><\/div>\n<div><\/div>\n<h3>AFSLs MEDLEMSM\u00d6TE TORS 14 OKTOBER KL 18.00<\/h3>\n<div>K\u00e4ra medlemmar i AFSL!<\/div>\n<div>V\u00e4lkomna till medlemsm\u00f6te <b>torsdagen den 14 oktober kl. 18.00<\/b>, IOGT-lokalen i Lund. F\u00f6r er som \u00e4nnu inte hunnit anm\u00e4la er som medlemmar och vill komma p\u00e5 m\u00f6tet &#8211; kontakta <a href=\"http:\/\/localhost\/drupal\/node\/info@afsl.se\">info@afsl.se<\/a><br \/>\nH\u00e4lsningar<br \/>\nstyrelsen AFSL<\/div>\n<div><\/div>\n<h3>Protestera mot j\u00e4ttelika kontors- och kongressanl\u00e4ggningen i kv. H\u00e4radsh\u00f6vdingen (gamla Tingsr\u00e4tten)<\/h3>\n<div>2021-09-16<\/div>\n<div>AFSL bjuder in alla lundabor till protest mot de brutala byggprojekten i centrala Lund.<br \/>\nMejla och ring politikerna p\u00e5 listan \u2013 sprid flygbladet till v\u00e4nner, bekanta och kollegor.<br \/>\n<strong>M\u00e5ste n\u00e5 politikerna innan Byggnadsn\u00e4mndens m\u00f6te tors 21 sep.<\/strong><\/div>\n<div><\/div>\n<h3>AFSL:s yttrande \u00f6ver f\u00f6rslag till detaljplan f\u00f6r kv Paradis<\/h3>\n<div>2021-08-30<\/div>\n<p><a href=\"https:\/\/afsl.se\/wp-content\/uploads\/2025\/05\/AFSL-kv-Paradiset-2021-08-30.pdf\">Yttrandet som PDF<\/a><\/p>\n<h3>Byggnadsn\u00e4mndens m\u00f6te beslutar bordl\u00e4ggning av kv. H\u00e4radsh\u00f6vding tills vidare.<\/h3>\n<div>2021-06-17<\/div>\n<h3>Manifestation mot kongresscentret i kv. H\u00e4radsh\u00f6vdingen<\/h3>\n<div>2021-06-16 kl 11.30<\/div>\n<div>Kom till manifestationen p\u00e5 ons kl 11.30. Plats lilla parken vid Gamla tingshuset\u00a0h\u00f6rnet av Trollebergsv\u00e4gen\/<wbr \/>Byggm\u00e4staregatan. Alla v\u00e4lkomna!. (<a href=\"file:\/\/\/home\/bfredl\/dev\/aktiongalten.github.io\/drupal\/sites\/default\/files\/2021-06\/AFSL.Inbjudan till manifestation 16 juni kl 11.30.pdf\">pdf<\/a>)<\/div>\n<div><\/div>\n<h4>Skriv till politiker i kommunstyrelse och byggnadsn\u00e4mnd om det j\u00e4ttelika konferenscentret vid kv h\u00e4radsh\u00f6vdingen\/gamla tingsr\u00e4tten!<\/h4>\n<p>Senast 2021-06-16<br \/>\nEfter framg\u00e5ngen med S:t J\u00f6rgens park uppmanar vi lundaborna att skriva till alla politiker i Kommunstyrelsen och byggnadsn\u00e4mnden om det j\u00e4ttelika konferenscentret p\u00e5 platsen f\u00f6r Gamla tingsr\u00e4tten och dess lilla park. Lundaborna har ofta stora n\u00e4tverk &#8211; s\u00e5 sprid till v\u00e4nner, bekanta och kolleger. OBS: M\u00e5ste n\u00e5 politikerna innan byggnadsn\u00e4mndens inriktningsbeslut 17 juni. D\u00e5 best\u00e4ms vilket av de 3 j\u00e4ttelika f\u00f6rslagen som man skall g\u00e5 vidare med.<\/p>\n<h3>L\u00e4mna synpunkter p\u00e5 byggnationen i S:t J\u00f6rgens park<\/h3>\n<p>Senast 2021-05-31<br \/>\nSkicka in synpunkter p\u00e5 byggnationen i S:t J\u00f6rgens park \/ Galjev\u00e5ngen till Stadsbyggnadskontoret, och till stadsbyggnadsdirekt\u00f6r, politiker i Byggnadsn\u00e4mnden och Kommunstyrelsen.<\/p>\n<h3>Protestlista f\u00f6r kv. H\u00e4radsh\u00f6vdingen!<\/h3>\n<p>2021-05-27<br \/>\nForts\u00e4tt och skriv p\u00e5 kv. H\u00e4radsh\u00f6vdingens\/ Gamla tingsr\u00e4ttens <a href=\"https:\/\/www.skrivunder.com\/stats.php?id=321984&amp;s=85801327\">protestlista p\u00e5 skrivunder.com<\/a>.<\/p>\n<h3>Utst\u00e4llning kv. H\u00e4radsh\u00f6vdingen<\/h3>\n<p>23 april \u2013 7 maj 2021<br \/>\nF\u00f6r allm\u00e4nheten. Kristallen \/ digitalt p\u00e5 kommunens hemsida.<\/p>\n<h3>AFSL \u00e5rsm\u00f6te<\/h3>\n<p>16 -26 mars 2021 Digitalt \u00e5rsm\u00f6te.<br \/>\nKallelse utskickad till medlemmarna.<\/p>\n<h3>Yttrande till Trafikverket<\/h3>\n<p>2021-03-16<br \/>\nYttrande fr\u00e5n AFSL om str\u00e4ckning f\u00f6r h\u00f6ghastighetst\u00e5g.<\/p>\n<h3>Kv. Virket (V\u00e4sterbro)<\/h3>\n<p>2021-03-15<br \/>\nSkrivelse inskickad fr\u00e5n AFSL till Byggnadsn\u00e4mnden.<\/p>\n<h3>Kv. H\u00e4radsh\u00f6vdingen\/Tingsr\u00e4tten<\/h3>\n<p>2021-03-09<br \/>\nAlternativ plan till bebyggelse. Inl\u00e4mnad till Stadsbyggnadskontoret av AFSLs ordf\u00f6rande.<\/p>\n<h3>Kv. Margretedal<\/h3>\n<p>Samr\u00e5dstid 2020-10-30 &#8211; 2020-12-22<br \/>\nYttrande fr\u00e5n AFSL inskickad till Byggnadsn\u00e4mnden 2021-02-25 .<\/p>\n<h3>Bevaringsprogram och Antikvarisk kompetens i Lunds kommun<\/h3>\n<p>2021-02-02<br \/>\nSkrivelse fr\u00e5n AFSL skickad till Kommunstyrelsen, Byggnadsn\u00e4mnden och dess ledam\u00f6ter, Stadsbyggnadskontoret.<\/p>\n<h3>Sk\u00f6nhetsr\u00e5d i Lunds kommun<\/h3>\n<p>2021-02-02<br \/>\nSkrivelse fr\u00e5n AFSL skickad till Kommunstyrelsen, Byggnadsn\u00e4mnden och dess ledam\u00f6ter, Stadsbyggnadskontoret.<\/p>\n<h3>Kv. Stormen 1 och Molnet 2 (Klosterg\u00e5rden)<\/h3>\n<p>Samr\u00e5dstid 2020-10-30 \u2013 2020-12-22<br \/>\nYttrande fr\u00e5n AFSL inskickad till Byggnadsn\u00e4mnden 2020-12-20.<\/p>\n<h3>Kv. Galten<\/h3>\n<p>2020 december<br \/>\nYttrande fr\u00e5n AFSL inskickad till Kommunstyrelsen, Byggnadsn\u00e4mnden och Kommunfullm\u00e4ktiges ledam\u00f6ter.<br \/>\nV\u00e4ntar p\u00e5 en sammanst\u00e4llning av samr\u00e5dsyttranden.<\/p>\n<h3>Kv. Galten<\/h3>\n<p>2020-10-26<br \/>\nSista dagen f\u00f6r samr\u00e5dstiden, dvs d\u00e5 lundaborna kan l\u00e4mna synpunkter p\u00e5 detaljplanen till stadsbyggnadskontoret.<\/p>\n","protected":false},"excerpt":{"rendered":"<p><\/p>\n","protected":false},"author":1,"featured_media":0,"parent":0,"menu_order":0,"comment_status":"closed","ping_status":"closed","template":"aldre-nyheter","meta":{"footnotes":""},"class_list":["post-725","page","type-page","status-publish","hentry"],"_links":{"self":[{"href":"https:\/\/afsl.se\/index.php\/wp-json\/wp\/v2\/pages\/725","targetHints":{"allow":["GET"]}}],"collection":[{"href":"https:\/\/afsl.se\/index.php\/wp-json\/wp\/v2\/pages"}],"about":[{"href":"https:\/\/afsl.se\/index.php\/wp-json\/wp\/v2\/types\/page"}],"author":[{"embeddable":true,"href":"https:\/\/afsl.se\/index.php\/wp-json\/wp\/v2\/users\/1"}],"replies":[{"embeddable":true,"href":"https:\/\/afsl.se\/index.php\/wp-json\/wp\/v2\/comments?post=725"}],"version-history":[{"count":7,"href":"https:\/\/afsl.se\/index.php\/wp-json\/wp\/v2\/pages\/725\/revisions"}],"predecessor-version":[{"id":746,"href":"https:\/\/afsl.se\/index.php\/wp-json\/wp\/v2\/pages\/725\/revisions\/746"}],"wp:attachment":[{"href":"https:\/\/afsl.se\/index.php\/wp-json\/wp\/v2\/media?parent=725"}],"curies":[{"name":"wp","href":"https:\/\/api.w.org\/{rel}","templated":true}]}}