{"id":64,"date":"2024-04-29T15:07:39","date_gmt":"2024-04-29T15:07:39","guid":{"rendered":"http:\/\/localhost\/wordpress\/?page_id=64"},"modified":"2024-06-28T10:37:29","modified_gmt":"2024-06-28T10:37:29","slug":"argt-aktion-radda-gamla-tingsratten","status":"publish","type":"page","link":"https:\/\/afsl.se\/index.php\/argt-aktion-radda-gamla-tingsratten\/","title":{"rendered":"ARGT &#8211; Aktion R\u00e4dda Gamla Tingsr\u00e4tten"},"content":{"rendered":"<p>Lundapolitiker \u2013 ta h\u00e4nsyn till lundabornas \u00e5sikter och dra tillbaka planen p\u00e5 ett enormt kontors- och kongresskomplex i kv. H\u00e4radsh\u00f6vdingen vid Gamla tingshuset och den medeltida Klosterkyrkan.<\/p>\n<p><img loading=\"lazy\" decoding=\"async\" class=\"alignleft size-full wp-image-210\" src=\"https:\/\/next.afsl.se\/wp-content\/uploads\/2024\/04\/COLLAGE-1-Moller.jpg\" alt=\"\" width=\"1275\" height=\"407\" srcset=\"https:\/\/afsl.se\/wp-content\/uploads\/2024\/04\/COLLAGE-1-Moller.jpg 1275w, https:\/\/afsl.se\/wp-content\/uploads\/2024\/04\/COLLAGE-1-Moller-800x255.jpg 800w, https:\/\/afsl.se\/wp-content\/uploads\/2024\/04\/COLLAGE-1-Moller-1024x327.jpg 1024w, https:\/\/afsl.se\/wp-content\/uploads\/2024\/04\/COLLAGE-1-Moller-768x245.jpg 768w\" sizes=\"auto, (max-width: 1275px) 100vw, 1275px\" \/><\/p>\n<h3>Enormt komplex av sammanbyggda 8, 10 och 12-v\u00e5ningshus<\/h3>\n<p>F\u00f6rslaget p\u00e5 ett enormt konferenskomplex p\u00e5 30 000 kvm av sammanbyggda 8, 10 och 12-v\u00e5ningshus v\u00e5ldf\u00f6r sig p\u00e5 den l\u00e5ga skalan i de centralare delarna av Lund, och riskerar att skada hela kulturmilj\u00f6n. Alldeles invid kvarteret ligger ocks\u00e5 den medeltida klosterkyrkan och dess kyrkog\u00e5rd. N\u00e5got stort kontors- och konferenscenter f\u00e5r inte byggas h\u00e4r.<\/p>\n<figure id=\"attachment_211\" aria-describedby=\"caption-attachment-211\" style=\"width: 1024px\" class=\"wp-caption alignnone\"><img loading=\"lazy\" decoding=\"async\" class=\"wp-image-211 size-large\" src=\"https:\/\/next.afsl.se\/wp-content\/uploads\/2024\/04\/COLLAGE-1-Krook-Tjader-1024x342.jpg\" alt=\"\" width=\"1024\" height=\"342\" srcset=\"https:\/\/afsl.se\/wp-content\/uploads\/2024\/04\/COLLAGE-1-Krook-Tjader-1024x342.jpg 1024w, https:\/\/afsl.se\/wp-content\/uploads\/2024\/04\/COLLAGE-1-Krook-Tjader-800x267.jpg 800w, https:\/\/afsl.se\/wp-content\/uploads\/2024\/04\/COLLAGE-1-Krook-Tjader-768x256.jpg 768w, https:\/\/afsl.se\/wp-content\/uploads\/2024\/04\/COLLAGE-1-Krook-Tjader.jpg 1279w\" sizes=\"auto, (max-width: 1024px) 100vw, 1024px\" \/><figcaption id=\"caption-attachment-211\" class=\"wp-caption-text\">Arkitektf\u00f6rslag f\u00f6r kongressbyggnad p\u00e5 kv H\u00e4radsh\u00f6vdingen fr\u00e5n Krook &amp; Tj\u00e4der<\/figcaption><\/figure>\n<section>\n<div class=\"field field--name-body field--type-text-with-summary field--label-hidden field--item\">\n<h3>Gamla Tingshuset av Hans Westman skall bevaras<\/h3>\n<p>Westmans ber\u00f6mda tingshus skall bevaras tillsammans med sin gr\u00f6na omgivning. Inga andra h\u00f6ga hus f\u00e5r byggas alldeles intill huset.<br \/>\n<img loading=\"lazy\" decoding=\"async\" class=\"alignleft size-full wp-image-176\" src=\"https:\/\/next.afsl.se\/wp-content\/uploads\/2024\/05\/Gamla-Tingsratten-miljo-scaled.jpg\" alt=\"Gamla tingsr\u00e4tten, behaglig milj\u00f6\" width=\"2560\" height=\"1706\" srcset=\"https:\/\/afsl.se\/wp-content\/uploads\/2024\/05\/Gamla-Tingsratten-miljo-scaled.jpg 2560w, https:\/\/afsl.se\/wp-content\/uploads\/2024\/05\/Gamla-Tingsratten-miljo-300x200.jpg 300w, https:\/\/afsl.se\/wp-content\/uploads\/2024\/05\/Gamla-Tingsratten-miljo-1024x683.jpg 1024w, https:\/\/afsl.se\/wp-content\/uploads\/2024\/05\/Gamla-Tingsratten-miljo-768x512.jpg 768w, https:\/\/afsl.se\/wp-content\/uploads\/2024\/05\/Gamla-Tingsratten-miljo-1536x1024.jpg 1536w, https:\/\/afsl.se\/wp-content\/uploads\/2024\/05\/Gamla-Tingsratten-miljo-2048x1365.jpg 2048w\" sizes=\"auto, (max-width: 2560px) 100vw, 2560px\" \/><\/p>\n<h3>Parken vid Tingshuset f\u00e5r inte s\u00e4ljas ut<\/h3>\n<p>Den lilla parken vid Tingshuset skall inte s\u00e4ljas av till Skanska f\u00f6r exploatering. Den \u00e4r offentligt egendom och tillh\u00f6r alla lundabor. Mindre parker s.k. pocket parks blir dessutom allt viktigare i modern stadsplanering.<\/p>\n<h3>Lund beh\u00f6ver inte tv\u00e5 nya konferenscenter<\/h3>\n<p>Planen \u00e4r f\u00f6r\u00e5ldrad och <strong>beslut finns redan om nytt konferenscenter p\u00e5 Brunnsh\u00f6g i Lund<\/strong>. N\u00e5gon analys om att Lund kan ekonomiskt b\u00e4ra tv\u00e5 konferenscenter har inte presenterats. Konferenser och m\u00f6ten blir dessutom i allt h\u00f6gre grad digitala.<\/p>\n<h3>Eventuella hus byggs i lundaskalan och anpassas till stadens historia och stadsbild<\/h3>\n<p>De nyare delarna av tingsr\u00e4tten kan m\u00f6jligen ers\u00e4ttas av l\u00e5ga bostadshus. Dessa hus skall byggas i lundaskalan med material, h\u00f6jd och stil som \u00e4r lokalt anpassade.<\/p>\n<h3>Dra tillbaka planerna p\u00e5 konferenscentrum i kv. H\u00e4radsh\u00f6vdingen och g\u00f6r r\u00e4tt!<\/h3>\n<p>Planer finns p\u00e5 Lunds kommuns hemsida\u00a0<a href=\"https:\/\/www.lund.se\/trafik--stadsplanering\/byggprojekt\/motesforum-vaster-om-centralstationen\/\">https:\/\/www.lund.se\/trafik&#8211;stadsplanering\/byggprojekt\/motesforum-vaster-om-centralstationen\/<\/a>.<\/p>\n<p>Vill man svara p\u00e5 webbenk\u00e4ten s\u00e5 \u00e4r fr\u00e5gorna vinklade. Man uppmanas att j\u00e4mf\u00f6ra och v\u00e4lja mellan de tre f\u00f6rslagen. Observera att sist i enk\u00e4ten finns en ruta f\u00f6r andra \u00e5sikter.<\/p>\n<h3>Vad kan vi g\u00f6ra?<\/h3>\n<p><strong>L\u00e4mna synpunkter <\/strong>till politikerna i Lunds kommunstyrelse och byggnadsn\u00e4mnd! Anv\u00e4nd v\u00e5rt mallbrev i <a href=\"https:\/\/afsl.se\/drupal\/sites\/default\/files\/2021-04\/Andra tryckningen synpunkter.pdf\">pdf<\/a> eller <a href=\"https:\/\/afsl.se\/drupal\/sites\/default\/files\/2021-06\/H\u00e4radsh\u00f6vdingen mallbrev till politiker i KS och BN.docx\">word<\/a>-format.<\/p>\n<p><strong>Kontakta<\/strong> g\u00e4rna <a href=\"https:\/\/afsl.se\/drupal\/sites\/default\/files\/2021-04\/Argument och adresser till politiker.pdf\">v\u00e5ra politker<\/a> i kommunstyrelsen och byggnadsn\u00e4mnden.<\/p>\n<p><strong>Skriv under<\/strong> v\u00e5r <a href=\"https:\/\/www.skrivunder.com\/signatures\/radda_gamla_tingsratten_och_kv_haradshovdingen_i_lund_lundapolitiker__ta_hansyn_till_lundabornas_asikter_och_dra_tillbaka_planen_for_ett_enormt_kontors-_och_kongresskomplex_i_kv_haradshovdingen\/?s=85801327\">digitala namninsamling<\/a>.<\/p>\n<p>F\u00f6r mer bakgrund om omr\u00e5det l\u00e4s <a href=\"https:\/\/afsl.se\/drupal\/node\/17.html\">v\u00e5r sida om kv H\u00e4radsh\u00f6vdingen<\/a><\/p>\n<p><a href=\"https:\/\/afsl.se\/drupal\/sites\/default\/files\/2021-07\/Exploateringen av H\u00e4radsh\u00f6vdingen.AFSLskrivelse.pdf\"><span style=\"font-family: arial, sans-serif;\">Exploatering i kv. H\u00e4radsh\u00f6vdingen\/Gamla tingsr\u00e4tten. AFSLs skrivelse till\u00a0Kommunstyrelsen\u00a0och\u00a0<wbr \/>Byggnadsn\u00e4mnden\u00a0i\u00a0Lund\u00a0samt till\u00a0Stadsbyggnadskontoret juni 2021.<\/span><\/a><\/p>\n<p>&nbsp;<\/p>\n<p><span style=\"font-family: arial, sans-serif;\">17 juni 2021\u00a0<\/span>Byggnadsn\u00e4mndens m\u00f6te beslutade bordl\u00e4ggning av kv. H\u00e4radsh\u00f6vding till augusti.<\/p>\n<\/div>\n<\/section>\n<section class=\"block block-layout-builder block-extra-field-blocknodeaktionsgrupplinks clearfix\"><\/section>\n<section class=\"block block-layout-builder block-field-blocknodeaktionsgruppfield-foton clearfix\">\n<div class=\"field field--name-field-foton field--type-image field--label-above\">\n<h3 class=\"field--label\">Foton<\/h3>\n<div class=\"field--items\">\n<div class=\"field--item\">\n<div id=\"flexslider-1\" class=\"flexslider optionset-fotogalleri imagestyle-large\">\n<p><img loading=\"lazy\" decoding=\"async\" class=\"alignleft size-full wp-image-300\" src=\"https:\/\/next.afsl.se\/wp-content\/uploads\/2024\/06\/kv.-Haradshovdingen-aktuellt-planomrade.png\" alt=\"\" width=\"912\" height=\"473\" srcset=\"https:\/\/afsl.se\/wp-content\/uploads\/2024\/06\/kv.-Haradshovdingen-aktuellt-planomrade.png 912w, https:\/\/afsl.se\/wp-content\/uploads\/2024\/06\/kv.-Haradshovdingen-aktuellt-planomrade-800x415.png 800w, https:\/\/afsl.se\/wp-content\/uploads\/2024\/06\/kv.-Haradshovdingen-aktuellt-planomrade-768x398.png 768w\" sizes=\"auto, (max-width: 912px) 100vw, 912px\" \/><\/p>\n<\/div>\n<\/div>\n<\/div>\n<\/div>\n<\/section>\n<section class=\"col-sm-12\">\n<div class=\"region region-content\">\n<article class=\"aktionsgrupp full clearfix node\" role=\"article\" data-history-node-id=\"21\">\n<div class=\"content\">\n<div class=\"layout layout--onecol\">\n<div class=\"layout__region layout__region--content\">\n<section class=\"block block-layout-builder block-field-blocknodeaktionsgruppfield-foton clearfix\">\n<div class=\"field field--name-field-foton field--type-image field--label-above\">\n<div class=\"field--items\">\n<div class=\"field--item\">\n<div id=\"flexslider-1\" class=\"flexslider optionset-fotogalleri imagestyle-large\"><\/div>\n<\/div>\n<\/div>\n<\/div>\n<\/section>\n<section class=\"block block-layout-builder block-field-blocknodeaktionsgruppfield-links clearfix\">\n<h3 class=\"block-title\">L\u00e4nkar<\/h3>\n<div class=\"field field--name-field-links field--type-link field--label-hidden field--items\">\n<div class=\"field--item\"><a href=\"https:\/\/www.lund.se\/trafik--stadsplanering\/byggprojekt\/motesforum-vaster-om-centralstationen\/\">Lunds kommuns digitala hemsida med tre arkitektf\u00f6rslag p\u00e5 kongresscenter<\/a><\/div>\n<div><a href=\"https:\/\/next.afsl.se\/wp-content\/uploads\/2024\/06\/ARGT-folder-forsta-upplagan-1.pdf\">Utskrivbar folder f\u00f6r ARGT &#8211; Aktion R\u00e4dda Gamla Tingsr\u00e4tten<\/a><\/div>\n<div><a href=\"https:\/\/next.afsl.se\/wp-content\/uploads\/2024\/06\/Andra-tryckningen-synpunkter.pdf\">Mallbrev: l\u00e4mna synpunkter till kommunen (pdf)<\/a><\/div>\n<div class=\"field--item\"><a href=\"https:\/\/next.afsl.se\/wp-content\/uploads\/2024\/06\/Andra-tryckningen-Synpunkter-till-Lunds-kommun-pa-forslag-till-Kongresscentrum.docx\">Mallbrev: l\u00e4mna synpunkter till kommunen (word)<\/a><\/div>\n<div><a href=\"https:\/\/next.afsl.se\/wp-content\/uploads\/2024\/06\/Andra-tryckningen-blad-med-tre-forslagen.pdf\">Ins\u00e4ttsblad med de tre f\u00f6rslagen<\/a><\/div>\n<div><a href=\"https:\/\/next.afsl.se\/wp-content\/uploads\/2024\/06\/Argument-och-adresser-till-politiker.pdf\">Argument och adresser till politiker<\/a><\/div>\n<div class=\"field--item\"><a href=\"https:\/\/next.afsl.se\/wp-content\/uploads\/2024\/06\/AFSL-Skrivelse-till-Lunds-kommun-haradshovdingen.pdf\">AFSL:s yttrande till kommunen om h\u00e4radsh\u00f6vdingen<\/a><\/div>\n<div class=\"field--item\"><a href=\"https:\/\/moten.lund.se\/welcome-sv\/namnder-styrelser\/byggnadsnamnden\/byggnadsnamnden-2020-10-15\/agenda\/bn-pm-kulturmiljo-haradshovningen-mfl-lund-2020-10-01pdf?downloadMode=open\">Stadsantikvariens PM om kulturmilj\u00f6n<\/a><\/div>\n<div class=\"field--item\"><a href=\"https:\/\/www.skrivunder.com\/signatures\/radda_gamla_tingsratten_och_kv_haradshovdingen_i_lund_lundapolitiker__ta_hansyn_till_lundabornas_asikter_och_dra_tillbaka_planen_for_ett_enormt_kontors-_och_kongresskomplex_i_kv_haradshovdingen\/?s=85801327\">V\u00e5r digitala namninsamling p\u00e5 skrivunder.com<\/a><\/div>\n<div class=\"field--item\"><a href=\"https:\/\/www.fastighetsvarlden.se\/notiser\/skanska-planerar-stort-projekt-mitt-i-lund\/\">Skanskas planer<\/a><\/div>\n<div class=\"field--item\"><a href=\"https:\/\/nyheterilund.se\/2021\/04\/14\/debatt-nu-lanserar-vi-en-alternativ-plan-for-haradshovdingen\/\">Debatt Nyheter i Lund: Nu lanserar vi en alternativ plan f\u00f6r H\u00e4radsh\u00f6vdingen<\/a><\/div>\n<div class=\"field--item\"><a href=\"https:\/\/nyheterilund.se\/2021\/04\/06\/debatt-vet-lundaborna-vad-som-pagar-i-skymundan\/\">Debatt Nyheter i Lund: Vet lundaborna vad som p\u00e5g\u00e5r i skymundan?<\/a><\/div>\n<div class=\"field--item\"><a href=\"https:\/\/www.skd.se\/2021\/04\/27\/forening-starkt-kritiskt-till-plan-pa-kongresscentrum\/\">Sk\u00e5nskan: F\u00f6rening starkt kritisk till plan p\u00e5 kongresscentrum<\/a><\/div>\n<div class=\"field--item\"><a href=\"https:\/\/nyheterilund.se\/2021\/04\/28\/afsl-kritiserar-de-nya-planerna-for-gamla-tingshuset\/\">Nyheter i Lund: AFSL kritiserar de nya planerna f\u00f6r Gamla Tingshuset<\/a><\/div>\n<div class=\"field--item\"><a href=\"https:\/\/www.facebook.com\/ARGT-Aktion-R\u00e4dda-Gamla-Tingsr\u00e4tten-107200951513366\">ARGT:s sida p\u00e5 facebook<\/a><\/div>\n<div class=\"field--item\"><a href=\"https:\/\/afsl.se\/drupal\/sites\/default\/files\/2021-06\/H\u00e4radsh\u00f6vdingen mallbrev till politiker i KS och BN.docx\">mallbrev till politiker i kommunstyrelsen och byggnadsn\u00e4mden<\/a><\/div>\n<div class=\"field--item\"><a href=\"https:\/\/afsl.se\/drupal\/sites\/default\/files\/2021-07\/Exploateringen av H\u00e4radsh\u00f6vdingen.AFSLskrivelse.pdf\"> Exploatering i kv. H\u00e4radsh\u00f6vdingen\/Gamla tingsr\u00e4tten. AFSLs skrivelse till kommunen.<\/a><\/div>\n<\/div>\n<\/section>\n<\/div>\n<\/div>\n<\/div>\n<\/article>\n<\/div>\n<\/section>\n","protected":false},"excerpt":{"rendered":"<p>Lundapolitiker \u2013 ta h\u00e4nsyn till lundabornas \u00e5sikter och dra tillbaka planen p\u00e5 ett enormt kontors- och kongresskomplex i kv. H\u00e4radsh\u00f6vdingen vid Gamla tingshuset och den medeltida Klosterkyrkan. Enormt komplex av sammanbyggda 8, 10 och 12-v\u00e5ningshus F\u00f6rslaget p\u00e5 ett enormt konferenskomplex p\u00e5 30 000 kvm av sammanbyggda 8, 10 och 12-v\u00e5ningshus v\u00e5ldf\u00f6r sig p\u00e5 den l\u00e5ga [&hellip;]<\/p>\n","protected":false},"author":1,"featured_media":0,"parent":0,"menu_order":0,"comment_status":"closed","ping_status":"closed","template":"","meta":{"footnotes":""},"class_list":["post-64","page","type-page","status-publish","hentry"],"_links":{"self":[{"href":"https:\/\/afsl.se\/index.php\/wp-json\/wp\/v2\/pages\/64","targetHints":{"allow":["GET"]}}],"collection":[{"href":"https:\/\/afsl.se\/index.php\/wp-json\/wp\/v2\/pages"}],"about":[{"href":"https:\/\/afsl.se\/index.php\/wp-json\/wp\/v2\/types\/page"}],"author":[{"embeddable":true,"href":"https:\/\/afsl.se\/index.php\/wp-json\/wp\/v2\/users\/1"}],"replies":[{"embeddable":true,"href":"https:\/\/afsl.se\/index.php\/wp-json\/wp\/v2\/comments?post=64"}],"version-history":[{"count":9,"href":"https:\/\/afsl.se\/index.php\/wp-json\/wp\/v2\/pages\/64\/revisions"}],"predecessor-version":[{"id":396,"href":"https:\/\/afsl.se\/index.php\/wp-json\/wp\/v2\/pages\/64\/revisions\/396"}],"wp:attachment":[{"href":"https:\/\/afsl.se\/index.php\/wp-json\/wp\/v2\/media?parent=64"}],"curies":[{"name":"wp","href":"https:\/\/api.w.org\/{rel}","templated":true}]}}