{"id":62,"date":"2024-04-29T15:06:36","date_gmt":"2024-04-29T15:06:36","guid":{"rendered":"http:\/\/localhost\/wordpress\/?page_id=62"},"modified":"2024-06-28T08:19:24","modified_gmt":"2024-06-28T08:19:24","slug":"arg-aktion-radda-galten","status":"publish","type":"page","link":"https:\/\/afsl.se\/index.php\/arg-aktion-radda-galten\/","title":{"rendered":"ARG &#8211; Aktion R\u00e4dda Galten"},"content":{"rendered":"<p>ARG \u2014 Aktion R\u00e4dda kv. Galten \u00e4r en grupp inom AFSL, som arbetar f\u00f6r att informera om och debattera planerna p\u00e5 att exploatera kv. Galten vid M\u00e5rtenstorget. Vi anser att husen i centrala Lund ska anpassas till Lunds stadsk\u00e4rna. Det maximerar husens h\u00f6jd till 3-5 v\u00e5ningar inklusive vindsv\u00e5ning.<\/p>\n<figure class=\"wp-block-image\"><img loading=\"lazy\" decoding=\"async\" class=\"wp-image-35 size-medium aligncenter\" src=\"https:\/\/next.afsl.se\/wp-content\/uploads\/2024\/04\/hoghus_carlsson-241x300.png\" alt=\"\" width=\"241\" height=\"300\" srcset=\"https:\/\/afsl.se\/wp-content\/uploads\/2024\/04\/hoghus_carlsson-241x300.png 241w, https:\/\/afsl.se\/wp-content\/uploads\/2024\/04\/hoghus_carlsson.png 566w\" sizes=\"auto, (max-width: 241px) 100vw, 241px\" \/><\/figure>\n<h3>Vad inneb\u00e4r detaljplanef\u00f6rslaget f\u00f6r Galten?<\/h3>\n<p>Kommunens detaljplanef\u00f6rslag f\u00f6r kv. Galten inneb\u00e4r ett 12-v\u00e5ningsh\u00f6ghus, andra h\u00f6ga 7-8-v\u00e5ningshus, shoppinggalleria runt torg, ny j\u00e4ttelik biograf vid Bankgatan, ny bussterminal med del av V\u00e5rfruskolans skolg\u00e5rd p\u00e5 stationens tak, nedgr\u00e4vt parkeringshus som \u00e4r d\u00e5lig ekonomi f\u00f6r kommunen. Den h\u00f6ga kostnaden f\u00f6r garaget inneb\u00e4r ocks\u00e5 att exploateringsgrad av Galten drivs upp med 30\u00a0% j\u00e4mf\u00f6rt med tidigare f\u00f6rslag. Detaljplanef\u00f6rslagets\u00a019 000 m<sup>2<\/sup> bebyggelse inneb\u00e4r en n\u00e4stan f\u00f6rdubblad exploatering j\u00e4mf\u00f6rt med planprogram fr\u00e5n 2012, dvs 90% \u00f6kning. Flera 1800-talshus kommer att rivas helt eller delvis. <a href=\"https:\/\/www.lund.se\/trafik--stadsplanering\/byggprojekt\/galten\/\">Se \u00e4ven planbeskrivningen f\u00f6r kv. Galten, Lunds kommun.<\/a><\/p>\n<p><img loading=\"lazy\" decoding=\"async\" class=\"wp-image-297 size-large\" src=\"https:\/\/next.afsl.se\/wp-content\/uploads\/2024\/06\/2020-10-06-kl-15.49.47-1024x735.png\" alt=\"\" width=\"1024\" height=\"735\" srcset=\"https:\/\/afsl.se\/wp-content\/uploads\/2024\/06\/2020-10-06-kl-15.49.47-1024x735.png 1024w, https:\/\/afsl.se\/wp-content\/uploads\/2024\/06\/2020-10-06-kl-15.49.47-800x574.png 800w, https:\/\/afsl.se\/wp-content\/uploads\/2024\/06\/2020-10-06-kl-15.49.47-768x551.png 768w, https:\/\/afsl.se\/wp-content\/uploads\/2024\/06\/2020-10-06-kl-15.49.47.png 1171w\" sizes=\"auto, (max-width: 1024px) 100vw, 1024px\" \/>barn i bur &#8211; trevligt och s\u00e4kert?&nbsp;<\/p>\n<div class=\"arg-text afsl-boldblue\">\n<p>&nbsp;<\/p>\n<p>Kommunen har f\u00e5tt ett f\u00f6rslag till detaljplan f\u00f6r kvarter Galten d\u00e4r <strong>ARG<\/strong> s\u00e4ger:<\/p>\n<p><strong>NEJ<\/strong> till 12\u00adv\u00e5ningshus (40 m) i kv. Galten intill M\u00e5rtenstorget. Inga hus i Lunds innerstad b\u00f6r byggas h\u00f6gre \u00e4n 3-5 v\u00e5ningar inklusive vindsv\u00e5ning. H\u00f6ghus kan byggas utanf\u00f6r stadsk\u00e4rna vid S\u00f6dra ringen, Arenastaden, Brunnsh\u00f6g etc.<\/p>\n<p><strong>NEJ<\/strong> till shoppinggalleria kring innerg\u00e5rden och stor biograf vid Bankgatan. St\u00f6d ist\u00e4llet existerande verksamheter.<\/p>\n<p><strong>NEJ<\/strong> till f\u00f6rslaget att minska V\u00e5rfruskolans skolg\u00e5rd och ist\u00e4llet l\u00e5ta barnen leka p\u00e5 taket av nya bussh\u00e5llplatsen.<\/p>\n<p><strong>NEJ<\/strong> till att riva eller stympa de historiska husen i kv. Galten.<\/p>\n<p><strong>NEJ<\/strong> till att parken i kv. Galten f\u00f6rsvinner. Den tillh\u00f6r alla lundabor och \u00e4r likt alla parker i st\u00e4der viktig f\u00f6r milj\u00f6n och v\u00e4lbefinnandet.<\/p>\n<p><strong>NEJ<\/strong> till underjordiskt parkeringsgarage med infart fr\u00e5n Bankgatan. F\u00f6r att t\u00e4cka kostnaderna f\u00f6r garaget m\u00e5ste kvarteret exploateras mycket h\u00e5rdare \u00e4n vad som annars vore n\u00f6dv\u00e4ndigt. Dessutom inneb\u00e4r kostnaden f\u00f6r de arkeologiska utgr\u00e4vningarna att kommunen enligt avtal i princip ger bort marken. Det finns dessutom redan flera andra parkeringshus i n\u00e4rheten.<\/p>\n<p>&nbsp;<\/p>\n<\/div>\n<div class=\"arg-text afsl-boldblue\">\n<p><strong>JA <\/strong>till att alla \u00e4ldre hus i kvarteret m\u00e5ste bevaras.<\/p>\n<p><strong>JA<\/strong> till hus i lundaskalan, i stil och material som passar i den historiska milj\u00f6n.<\/p>\n<p><strong>JA<\/strong> till blandning av hyres- och bostadsr\u00e4tter i kv. Galten. Husen b\u00f6r f\u00f6rdelas p\u00e5 de historiska kvarter som revs inf\u00f6r \u201dGenombrottet\u201d.<\/p>\n<p><strong>JA<\/strong> till gr\u00f6n skolg\u00e5rd i markplan till V\u00e5rfruskolan och tillr\u00e4cklig plats f\u00f6r elevernas raster och andra aktiviteter.<\/p>\n<p><strong>JA<\/strong> till v\u00e4rna parken och gr\u00f6nskan i kvarteret som tillh\u00f6r alla lundabor.<\/p>\n<p><strong>JA<\/strong> till torgplats p\u00e5 M\u00e5rtenstorget och bilparkering under eftermiddag och kv\u00e4ll<\/p>\n<\/div>\n<p>&nbsp;<\/p>\n<p>ARGs avsikt \u00e4r allts\u00e5 att granska och omv\u00e4rdera detta orimliga f\u00f6rslag som inneb\u00e4r att det danska fastighetsbolaget Norcap A\/S genomf\u00f6r en h\u00e5rd exploatering av kvarteret. Vi anser ist\u00e4llet att husen i centrala Lund skall byggas i samma skala som resten av stadsk\u00e4rnan. Den sammanlagda bostadsytan i f\u00f6rslaget b\u00f6r f\u00f6rdelas p\u00e5 fler och l\u00e4gre byggnader. Det inneb\u00e4r ocks\u00e5 en b\u00e4ttre anpassning till kvarterets historiska gaturum och innerstadens kulturv\u00e4rden. Lund \u00e4r en av Sveriges \u00e4ldsta st\u00e4der och utformningen av stadsk\u00e4rnan med det medeltida gatun\u00e4tet \u00e4r av riksintresse. Inga historiska hus skall heller rivas helt eller delvis och parken bevaras.<\/p>\n<h3>Vad vi kan g\u00f6ra!<\/h3>\n<p>F\u00f6r att hj\u00e4lpa till att stoppa f\u00f6rslaget p\u00e5 detaljplan f\u00f6r kv. Galten och det danska fastighetsbolaget Norcap A\/S h\u00e5rda exploatering av kvarteret kan du g\u00f6ra flera saker:<\/p>\n<p>Det i s\u00e4rklass b\u00e4sta du kan g\u00f6ra nu \u00e4r att kontakta de politiker som r\u00f6stade f\u00f6r f\u00f6rslaget:<\/p>\n<p>Partier som r\u00f6stade f\u00f6r detaljplanef\u00f6rslaget: KD, L, M, MP, S, SD<\/p>\n<p>Partier som r\u00f6stade emot: C, Fi, FNL, V.<\/p>\n<p>l\u00e4s mera i <a href=\"https:\/\/next.afsl.se\/wp-content\/uploads\/2024\/04\/ARGs-folder-om-kv.-Galten-1.pdf\">v\u00e5r folder <\/a> hur och vad mer man kan g\u00f6ra.<\/p>\n<div class=\"align-center\">\n<div class=\"field field--name-field-media-oembed-video field--type-string field--label-hidden field--item\"><iframe loading=\"lazy\" class=\"media-oembed-content\" title=\"Aktion R\u00e4dda Galten (m\u00e5rtenstorget, 24 oktober 2020)\" src=\"https:\/\/afsl.se\/drupal\/media\/oembed%3Furl=https:%252F%252Fwww.youtube.com%252Fwatch%3Fv=6rYHgwyF3rg&amp;max_width=0&amp;max_height=0&amp;hash=F5f2nlvigJ6viWTLTvRhdhouKgRshNNccGZdzZNRUAc.html\" width=\"200\" height=\"113\" frameborder=\"0\" data-mce-fragment=\"1\"><\/iframe><\/div>\n<\/div>\n<p>F\u00f6r inspiration l\u00e4s <a href=\"https:\/\/next.afsl.se\/wp-content\/uploads\/2024\/04\/galten_inlaggsblad.pdf\">AFSLs sammanfattning <\/a>av debattartikeln D\u00e4rf\u00f6r b\u00f6r planf\u00f6rslaget till kvarteret Galten skrotas.<\/p>\n<p>Eller hela artikeln i Nyheter i Lund: <a href=\"https:\/\/nyheterilund.se\/2020\/10\/07\/debatt-darfor-bor-planforslaget-till-kvarteret-galten-skrotas\/\">D\u00e4rf\u00f6r b\u00f6r planf\u00f6rslaget till kvarteret Galten skrotas<\/a><\/p>\n","protected":false},"excerpt":{"rendered":"<p>ARG \u2014 Aktion R\u00e4dda kv. Galten \u00e4r en grupp inom AFSL, som arbetar f\u00f6r att informera om och debattera planerna p\u00e5 att exploatera kv. Galten vid M\u00e5rtenstorget. Vi anser att husen i centrala Lund ska anpassas till Lunds stadsk\u00e4rna. Det maximerar husens h\u00f6jd till 3-5 v\u00e5ningar inklusive vindsv\u00e5ning. Vad inneb\u00e4r detaljplanef\u00f6rslaget f\u00f6r Galten? Kommunens detaljplanef\u00f6rslag [&hellip;]<\/p>\n","protected":false},"author":1,"featured_media":0,"parent":0,"menu_order":0,"comment_status":"closed","ping_status":"closed","template":"","meta":{"footnotes":""},"class_list":["post-62","page","type-page","status-publish","hentry"],"_links":{"self":[{"href":"https:\/\/afsl.se\/index.php\/wp-json\/wp\/v2\/pages\/62","targetHints":{"allow":["GET"]}}],"collection":[{"href":"https:\/\/afsl.se\/index.php\/wp-json\/wp\/v2\/pages"}],"about":[{"href":"https:\/\/afsl.se\/index.php\/wp-json\/wp\/v2\/types\/page"}],"author":[{"embeddable":true,"href":"https:\/\/afsl.se\/index.php\/wp-json\/wp\/v2\/users\/1"}],"replies":[{"embeddable":true,"href":"https:\/\/afsl.se\/index.php\/wp-json\/wp\/v2\/comments?post=62"}],"version-history":[{"count":9,"href":"https:\/\/afsl.se\/index.php\/wp-json\/wp\/v2\/pages\/62\/revisions"}],"predecessor-version":[{"id":388,"href":"https:\/\/afsl.se\/index.php\/wp-json\/wp\/v2\/pages\/62\/revisions\/388"}],"wp:attachment":[{"href":"https:\/\/afsl.se\/index.php\/wp-json\/wp\/v2\/media?parent=62"}],"curies":[{"name":"wp","href":"https:\/\/api.w.org\/{rel}","templated":true}]}}