{"id":51,"date":"2024-04-29T14:39:22","date_gmt":"2024-04-29T14:39:22","guid":{"rendered":"http:\/\/localhost\/wordpress\/?page_id=51"},"modified":"2024-06-07T11:02:18","modified_gmt":"2024-06-07T11:02:18","slug":"bli-medlem-i-afsl","status":"publish","type":"page","link":"https:\/\/afsl.se\/index.php\/bli-medlem-i-afsl\/","title":{"rendered":"Bli medlem i AFSL"},"content":{"rendered":"\r\n<p>\u200boch bidra till \u201dett b\u00e4ttre Lund\u201d, d\u00e4r samh\u00e4llsbyggandet ska sikta mot trivsamma och \u00e4ndam\u00e5lsenliga stads- och landskapsmilj\u00f6er, som gynnar h\u00e4lsa och h\u00e5llbarhet. H\u00e4nsyn ska tas till kulturhistoriska, estetiska och arkitektoniska v\u00e4rden. Detta ska vara m\u00e5let f\u00f6r arbetet med den fysiska ramen kring v\u00e5ra liv, f\u00f6r s\u00e5v\u00e4l barn och ungdomar som vuxna eller \u00e4ldre.<\/p>\r\n\r\n\r\n\r\n\r\n\r\n<p>F\u00f6reningen Aktionsgrupper F\u00f6r Samh\u00e4llsbyggande i Lunds kommun, AFSL \u00e4r en ideell, politiskt obunden f\u00f6rening. I styrelsen finns inte bara flera frist\u00e5ende arkitekter, utan kopplingar till kommun eller byggf\u00f6retag, utan \u00e4ven lundabor med stort intresse f\u00f6r hur v\u00e5r stad skall utvecklas. AFSL granskar kommunens byggprojekt och planer, bildar opinion i angel\u00e4gna fr\u00e5gor och vill verka f\u00f6r en bra dialog mellan lundabor och stadens politiker och tj\u00e4nstem\u00e4n.<\/p>\r\n\r\n\r\n\r\n<p>Om du \u00e4r intresserad av n\u00e5gon s\u00e4rskild fr\u00e5ga och vill medverka i f\u00f6reningens arbete, s\u00e5 mejla till <a href=\"mailto:info@afsl.se\">info@afsl.se<\/a><\/p>\r\n\r\n\r\n\r\n<p>Medlem blir du att genom mejla namn och adress till <a href=\"mailto:info@afsl.se\">info@afsl.se<\/a> och betala in \u00e5rsavgiften p\u00e5 100 kr till bg 5568-0029 eller swisha till: 123\u00a0649\u00a095\u00a037.\u00a0 QR-koden g\u00e5r till AFSLs swish. Gl\u00f6m inte att ange ditt namn.<\/p>\r\n<p><img loading=\"lazy\" decoding=\"async\" class=\"wp-image-49 size-medium alignnone\" src=\"https:\/\/next.afsl.se\/wp-content\/uploads\/2024\/04\/image-265x300.png\" alt=\"swish: 123 649 95 37. \" width=\"265\" height=\"300\" srcset=\"https:\/\/afsl.se\/wp-content\/uploads\/2024\/04\/image-265x300.png 265w, https:\/\/afsl.se\/wp-content\/uploads\/2024\/04\/image-904x1024.png 904w, https:\/\/afsl.se\/wp-content\/uploads\/2024\/04\/image-768x870.png 768w, https:\/\/afsl.se\/wp-content\/uploads\/2024\/04\/image-1355x1536.png 1355w, https:\/\/afsl.se\/wp-content\/uploads\/2024\/04\/image.png 1500w\" sizes=\"auto, (max-width: 265px) 100vw, 265px\" \/><\/p>\r\n\r\n\r\n\r\n\r\n\r\n\r\n\r\n<p>F\u00f6lj oss ocks\u00e5 p\u00e5 <a href=\"https:\/\/www.facebook.com\/AFSLAktionsgrupperForSamhallsbyggnadiLundskommun\">AFSLs<\/a> och <a href=\"https:\/\/www.facebook.com\/ARGAktionRaddaGalten\">ARGs<\/a> facebook. \u200b<\/p>\r\n","protected":false},"excerpt":{"rendered":"<p>\u200boch bidra till \u201dett b\u00e4ttre Lund\u201d, d\u00e4r samh\u00e4llsbyggandet ska sikta mot trivsamma och \u00e4ndam\u00e5lsenliga stads- och landskapsmilj\u00f6er, som gynnar h\u00e4lsa och h\u00e5llbarhet. H\u00e4nsyn ska tas till kulturhistoriska, estetiska och arkitektoniska v\u00e4rden. Detta ska vara m\u00e5let f\u00f6r arbetet med den fysiska ramen kring v\u00e5ra liv, f\u00f6r s\u00e5v\u00e4l barn och ungdomar som vuxna eller \u00e4ldre. F\u00f6reningen Aktionsgrupper [&hellip;]<\/p>\n","protected":false},"author":1,"featured_media":0,"parent":0,"menu_order":0,"comment_status":"closed","ping_status":"closed","template":"","meta":{"footnotes":""},"class_list":["post-51","page","type-page","status-publish","hentry"],"_links":{"self":[{"href":"https:\/\/afsl.se\/index.php\/wp-json\/wp\/v2\/pages\/51","targetHints":{"allow":["GET"]}}],"collection":[{"href":"https:\/\/afsl.se\/index.php\/wp-json\/wp\/v2\/pages"}],"about":[{"href":"https:\/\/afsl.se\/index.php\/wp-json\/wp\/v2\/types\/page"}],"author":[{"embeddable":true,"href":"https:\/\/afsl.se\/index.php\/wp-json\/wp\/v2\/users\/1"}],"replies":[{"embeddable":true,"href":"https:\/\/afsl.se\/index.php\/wp-json\/wp\/v2\/comments?post=51"}],"version-history":[{"count":5,"href":"https:\/\/afsl.se\/index.php\/wp-json\/wp\/v2\/pages\/51\/revisions"}],"predecessor-version":[{"id":291,"href":"https:\/\/afsl.se\/index.php\/wp-json\/wp\/v2\/pages\/51\/revisions\/291"}],"wp:attachment":[{"href":"https:\/\/afsl.se\/index.php\/wp-json\/wp\/v2\/media?parent=51"}],"curies":[{"name":"wp","href":"https:\/\/api.w.org\/{rel}","templated":true}]}}