{"id":48,"date":"2024-04-29T14:36:45","date_gmt":"2024-04-29T14:36:45","guid":{"rendered":"http:\/\/localhost\/wordpress\/?page_id=48"},"modified":"2024-05-09T07:57:46","modified_gmt":"2024-05-09T07:57:46","slug":"kontaktuppgifter","status":"publish","type":"page","link":"https:\/\/afsl.se\/index.php\/kontaktuppgifter\/","title":{"rendered":"Kontaktuppgifter"},"content":{"rendered":"\r\n<p>Aktionsgrupper F\u00f6r Samh\u00e4llsbyggnad i Lunds kommun, AFSL, har:<\/p>\r\n\r\n\r\n\r\n<p>epost-adress:\u00a0<a href=\"mailto:info@afsl.se\">info@afsl.se<\/a><\/p>\r\n\r\n\r\n\r\n<p>Organisationsnummer: 802532-7829 \u00c5rsavgift f\u00f6r 2021: 100 kr<\/p>\r\n\r\n\r\n\r\n<p>Bankgiro: 5568-0029.<\/p>\r\n\r\n\r\n\r\n<p>Swish-nummer: 123 649 95 37. Eller anv\u00e4nd f\u00f6ljande QR-kod:<\/p>\r\n\r\n\r\n\r\n<figure class=\"wp-block-image size-large is-resized\"><img loading=\"lazy\" decoding=\"async\" width=\"904\" height=\"1024\" class=\"wp-image-49\" style=\"width: 323px; height: auto;\" src=\"http:\/\/localhost\/wordpress\/wp-content\/uploads\/2024\/04\/image-904x1024.png\" alt=\"http:\/\/localhost\/drupal\/sites\/default\/files\/inline-images\/qr_0.png\" srcset=\"https:\/\/afsl.se\/wp-content\/uploads\/2024\/04\/image-904x1024.png 904w, https:\/\/afsl.se\/wp-content\/uploads\/2024\/04\/image-265x300.png 265w, https:\/\/afsl.se\/wp-content\/uploads\/2024\/04\/image-768x870.png 768w, https:\/\/afsl.se\/wp-content\/uploads\/2024\/04\/image-1355x1536.png 1355w, https:\/\/afsl.se\/wp-content\/uploads\/2024\/04\/image.png 1500w\" sizes=\"auto, (max-width: 904px) 100vw, 904px\" \/><\/figure>\r\n\r\n\r\n\r\n<p>F\u00f6lj oss g\u00e4rna p\u00e5 <a href=\"https:\/\/www.facebook.com\/AFSLAktionsgrupperForSamhallsbyggnadiLundskommun\">AFSLs facebook<\/a>.<\/p>\r\n","protected":false},"excerpt":{"rendered":"<p>Aktionsgrupper F\u00f6r Samh\u00e4llsbyggnad i Lunds kommun, AFSL, har: epost-adress:\u00a0info@afsl.se Organisationsnummer: 802532-7829 \u00c5rsavgift f\u00f6r 2021: 100 kr Bankgiro: 5568-0029. Swish-nummer: 123 649 95 37. Eller anv\u00e4nd f\u00f6ljande QR-kod: F\u00f6lj oss g\u00e4rna p\u00e5 AFSLs facebook.<\/p>\n","protected":false},"author":1,"featured_media":0,"parent":0,"menu_order":0,"comment_status":"closed","ping_status":"closed","template":"","meta":{"footnotes":""},"class_list":["post-48","page","type-page","status-publish","hentry"],"_links":{"self":[{"href":"https:\/\/afsl.se\/index.php\/wp-json\/wp\/v2\/pages\/48","targetHints":{"allow":["GET"]}}],"collection":[{"href":"https:\/\/afsl.se\/index.php\/wp-json\/wp\/v2\/pages"}],"about":[{"href":"https:\/\/afsl.se\/index.php\/wp-json\/wp\/v2\/types\/page"}],"author":[{"embeddable":true,"href":"https:\/\/afsl.se\/index.php\/wp-json\/wp\/v2\/users\/1"}],"replies":[{"embeddable":true,"href":"https:\/\/afsl.se\/index.php\/wp-json\/wp\/v2\/comments?post=48"}],"version-history":[{"count":2,"href":"https:\/\/afsl.se\/index.php\/wp-json\/wp\/v2\/pages\/48\/revisions"}],"predecessor-version":[{"id":156,"href":"https:\/\/afsl.se\/index.php\/wp-json\/wp\/v2\/pages\/48\/revisions\/156"}],"wp:attachment":[{"href":"https:\/\/afsl.se\/index.php\/wp-json\/wp\/v2\/media?parent=48"}],"curies":[{"name":"wp","href":"https:\/\/api.w.org\/{rel}","templated":true}]}}